{"id":2749,"date":"2022-11-15T23:11:01","date_gmt":"2022-11-15T23:11:01","guid":{"rendered":"https:\/\/azimutportfoy.com\/?page_id=2749"},"modified":"2026-02-08T21:07:59","modified_gmt":"2026-02-08T21:07:59","slug":"ozel-fon-kurulumu-ve-yonetimi","status":"publish","type":"page","link":"https:\/\/azimutportfoy.com\/en\/ozel-fon-kurulumu-ve-yonetimi\/","title":{"rendered":"Private Fund Setup and Management"},"content":{"rendered":"<div data-elementor-type=\"wp-page\" data-elementor-id=\"2749\" class=\"elementor elementor-2749\" data-elementor-post-type=\"page\">\n\t\t\t\t\t\t<section class=\"elementor-section elementor-top-section elementor-element elementor-element-3749c79 elementor-section-height-min-height elementor-section-boxed elementor-section-height-default elementor-section-items-middle\" data-id=\"3749c79\" data-element_type=\"section\" data-e-type=\"section\" data-settings=\"{&quot;background_background&quot;:&quot;classic&quot;}\">\n\t\t\t\t\t\t\t<div class=\"elementor-background-overlay\"><\/div>\n\t\t\t\t\t\t\t<div class=\"elementor-container elementor-column-gap-default\">\n\t\t\t\t\t<div class=\"elementor-column elementor-col-100 elementor-top-column elementor-element elementor-element-a86f09c\" data-id=\"a86f09c\" data-element_type=\"column\" data-e-type=\"column\">\n\t\t\t<div class=\"elementor-widget-wrap\">\n\t\t\t\t\t\t\t<\/div>\n\t\t<\/div>\n\t\t\t\t\t<\/div>\n\t\t<\/section>\n\t\t\t\t<section class=\"elementor-section elementor-top-section elementor-element elementor-element-5e89d17 elementor-section-boxed elementor-section-height-default elementor-section-height-default\" data-id=\"5e89d17\" data-element_type=\"section\" data-e-type=\"section\" data-settings=\"{&quot;background_background&quot;:&quot;classic&quot;}\">\n\t\t\t\t\t\t\t<div class=\"elementor-background-overlay\"><\/div>\n\t\t\t\t\t\t\t<div class=\"elementor-container elementor-column-gap-default\">\n\t\t\t\t\t<div class=\"elementor-column elementor-col-100 elementor-top-column elementor-element elementor-element-6f2e0a6\" data-id=\"6f2e0a6\" data-element_type=\"column\" data-e-type=\"column\">\n\t\t\t<div class=\"elementor-widget-wrap elementor-element-populated\">\n\t\t\t\t\t\t<section class=\"elementor-section elementor-inner-section elementor-element elementor-element-008a881 elementor-section-full_width elementor-section-height-default elementor-section-height-default\" data-id=\"008a881\" data-element_type=\"section\" data-e-type=\"section\">\n\t\t\t\t\t\t<div class=\"elementor-container elementor-column-gap-default\">\n\t\t\t\t\t<div class=\"elementor-column elementor-col-50 elementor-inner-column elementor-element elementor-element-e85eea0\" data-id=\"e85eea0\" data-element_type=\"column\" data-e-type=\"column\" data-settings=\"{&quot;background_background&quot;:&quot;classic&quot;}\">\n\t\t\t<div class=\"elementor-widget-wrap elementor-element-populated\">\n\t\t\t\t\t\t<div class=\"elementor-element elementor-element-42b20e5 elementor-widget elementor-widget-heading\" data-id=\"42b20e5\" data-element_type=\"widget\" data-e-type=\"widget\" data-widget_type=\"heading.default\">\n\t\t\t\t\t<h1 class=\"elementor-heading-title elementor-size-default\">Private Fund Setup and Management<\/h1>\t\t\t\t<\/div>\n\t\t\t\t\t<\/div>\n\t\t<\/div>\n\t\t\t\t<div class=\"elementor-column elementor-col-50 elementor-inner-column elementor-element elementor-element-c792035\" data-id=\"c792035\" data-element_type=\"column\" data-e-type=\"column\">\n\t\t\t<div class=\"elementor-widget-wrap\">\n\t\t\t\t\t\t\t<\/div>\n\t\t<\/div>\n\t\t\t\t\t<\/div>\n\t\t<\/section>\n\t\t\t\t<section class=\"elementor-section elementor-inner-section elementor-element elementor-element-433eada elementor-section-boxed elementor-section-height-default elementor-section-height-default\" data-id=\"433eada\" data-element_type=\"section\" data-e-type=\"section\">\n\t\t\t\t\t\t<div class=\"elementor-container elementor-column-gap-wider\">\n\t\t\t\t\t<div class=\"elementor-column elementor-col-100 elementor-inner-column elementor-element elementor-element-755fb60\" data-id=\"755fb60\" data-element_type=\"column\" data-e-type=\"column\">\n\t\t\t<div class=\"elementor-widget-wrap elementor-element-populated\">\n\t\t\t\t\t\t<div class=\"elementor-element elementor-element-cdbda74 elementor-widget__width-initial elementor-widget elementor-widget-text-editor\" data-id=\"cdbda74\" data-element_type=\"widget\" data-e-type=\"widget\" data-widget_type=\"text-editor.default\">\n\t\t\t\t\t\t\t\t\t<h2>What is a Private Investment Fund?<\/h2>\n<p>Kat\u0131lma paylar\u0131 \u00f6nceden belirlenmi\u015f \u00f6zel ki\u015fi ve\/veya kurumlara tahsis edilen ve Portf\u00f6y Y\u00f6netim \u015eirketi taraf\u0131ndan kurulan fonlar <strong>\u2018**\u00d6zel Fon**\u2019<\/strong> olarak adland\u0131r\u0131l\u0131r. \u00d6zel fonun yat\u0131r\u0131m stratejisi ve yat\u0131r\u0131m yapaca\u011f\u0131 \u00fcr\u00fcn gruplar\u0131 fon izahnamesinde a\u00e7\u0131kca belirtilir.<\/p>\n<h2>Who is a Private Fund suitable for?<\/h2>\n<p>Private Fund is a suitable investment tool for individuals and institutions who have a certain amount of assets and want to evaluate these assets in the long term perspective.<\/p>\n<ul>\n<li>Individuals, families, family businesses<\/li>\n<li>Institutions, Company Partners, Managers, Employees<\/li>\n<li>Foundations, Associations and Unions<\/li>\n<li>Professional Groups, Sectoral Investors<\/li>\n<\/ul>\n<h2>What are the advantages of private funds?<\/h2>\n<h3>Personalized<\/h3>\n<p>\u00d6zel Fon, yat\u0131r\u0131mc\u0131n\u0131n risk ve beklentilerine g\u00f6re belirlenecek bir yat\u0131r\u0131m stratejisi ile kurulur. Fonun en b\u00fcy\u00fck avantajlar\u0131ndan biri tek fon \u00e7at\u0131s\u0131 alt\u0131nda de\u011fi\u015fik yat\u0131r\u0131m stratejilerinin uygulanmas\u0131na olanak vermesi ve piyasa ko\u015fullar\u0131na g\u00f6re istenildi\u011finde stratejinin de\u011fi\u015ftirilebilmesidir.<\/p>\n<h3>Professional Management<\/h3>\n<p>The private fund is managed by Azimut Portf\u00f6y's experienced and expert portfolio management team.<\/p>\n<h3>Privacy<\/h3>\n<p>\u00d6zel Fon kurulu\u015funda fonun yat\u0131r\u0131mc\u0131s\u0131n\u0131n isimlerinin kamuya a\u00e7\u0131klanmas\u0131 zorunlu olmay\u0131p, sadece kurulu\u015f a\u015famas\u0131nda SPK\u2019ya bildirim yap\u0131lmas\u0131 yeterlidir.<\/p>\n<h3>Liquidity<\/h3>\n<p>Private fund shares can be converted into cash at any time and in any desired amount subject to returning to the fund. Requests received within the notice periods specified in the fund prospectus are converted into cash with the best efforts of the issuer.<\/p>\n<h3>Tax (General)<\/h3>\n<p>\u00d6zel Fonlar&#8217;dan elde edilen t\u00fcm gelirler (beyanname d\u00fczenlenmeksizin) fon t\u00fcr\u00fcne g\u00f6re %0-15 kayna\u011f\u0131nda stopaj kesintisi ile vergilendirilmektedir.<\/p>\n<h2>How are private funds taxed?<\/h2>\n<p>Yat\u0131r\u0131m fonlar\u0131nda vergilendirme stopaj yoluyla kayna\u011f\u0131nda kesilmektedir. Dolay\u0131s\u0131yla yat\u0131r\u0131m fonu gelirleri&nbsp;i\u00e7in beynanname&nbsp;marifetiyle gelir vergisi matrah\u0131na ekleme yap\u0131lmayacakt\u0131r. Tek vergi kayna\u011f\u0131nda kesilen stopajd\u0131r.<\/p>\n<p>Investment fund withholding tax is deducted at the time of fund liquidation. Therefore, after entering the fund, there is an opportunity to obtain significant funding income by delaying the accumulated withholding tax without liquidating the fund.<\/p>\n<h2 class=\"paragraph-title\">Azimut Portf\u00f6y olarak \u00d6zel Fon nas\u0131l kuruyoruz?<\/h2>\n<ul>\n<li>Azimut Portf\u00f6y will apply to the SPK (Turkish Capital Markets Board) to obtain permission to establish a private investment fund under the umbrella fund platform. After approval, Azimut Portf\u00f6y will be the founder and manager of the fund. It may take approximately 2 months for the fund to be established (from application to SPK approval). The fund will be regulated by the SPK.<\/li>\n<li>The private fund (example name: Azimut Portfolio Management... Fund) will be established as a Variable Fund or Free Fund and will invest flexibly in different asset classes, thus avoiding the asset\/sector restrictions of the SPK.<\/li>\n<li>The official custodian of the fund and the fund service unit will be Turkey Is Bank.<\/li>\n<li>The participation shares of the private fund will be held in custody accounts opened in the name of the participants by Azimut Portfolio Management at Is Bank.<\/li>\n<\/ul>\t\t\t\t\t\t\t\t<\/div>\n\t\t\t\t\t<\/div>\n\t\t<\/div>\n\t\t\t\t\t<\/div>\n\t\t<\/section>\n\t\t\t\t\t<\/div>\n\t\t<\/div>\n\t\t\t\t\t<\/div>\n\t\t<\/section>\n\t\t\t\t<\/div>","protected":false},"excerpt":{"rendered":"<p>\u00d6zel Fon Kurulumu ve Y\u00f6netimi \u00d6zel Yat\u0131r\u0131m Fonu Nedir? Kat\u0131lma paylar\u0131 \u00f6nceden belirlenmi\u015f \u00f6zel ki\u015fi ve\/veya kurumlara tahsis edilen ve Portf\u00f6y Y\u00f6netim \u015eirketi taraf\u0131ndan kurulan fonlar \u2018**\u00d6zel Fon**\u2019 olarak adland\u0131r\u0131l\u0131r. \u00d6zel fonun yat\u0131r\u0131m stratejisi ve yat\u0131r\u0131m yapaca\u011f\u0131 \u00fcr\u00fcn gruplar\u0131 fon izahnamesinde a\u00e7\u0131kca belirtilir. \u00d6zel Fon kimler i\u00e7in uygundur? \u00d6zel Fon belirli bir b\u00fcy\u00fckl\u00fckte varl\u0131\u011fa sahip [&hellip;]<\/p>\n","protected":false},"author":3,"featured_media":0,"parent":0,"menu_order":0,"comment_status":"closed","ping_status":"closed","template":"elementor_header_footer","meta":{"_acf_changed":false,"inline_featured_image":false,"footnotes":""},"class_list":["post-2749","page","type-page","status-publish","hentry"],"acf":[],"yoast_head":"<!-- This site is optimized with the Yoast SEO plugin v27.3 - https:\/\/yoast.com\/product\/yoast-seo-wordpress\/ -->\n<title>\u00d6zel Fon Kurulumu ve Y\u00f6netimi - Azimut Portf\u00f6y<\/title>\n<meta name=\"robots\" content=\"index, follow, max-snippet:-1, max-image-preview:large, max-video-preview:-1\" \/>\n<link rel=\"canonical\" href=\"https:\/\/azimutportfoy.com\/en\/ozel-fon-kurulumu-ve-yonetimi\/\" \/>\n<meta property=\"og:locale\" content=\"en_US\" \/>\n<meta property=\"og:type\" content=\"article\" \/>\n<meta property=\"og:title\" content=\"\u00d6zel Fon Kurulumu ve Y\u00f6netimi - Azimut Portf\u00f6y\" \/>\n<meta property=\"og:description\" content=\"\u00d6zel Fon Kurulumu ve Y\u00f6netimi \u00d6zel Yat\u0131r\u0131m Fonu Nedir? Kat\u0131lma paylar\u0131 \u00f6nceden belirlenmi\u015f \u00f6zel ki\u015fi ve\/veya kurumlara tahsis edilen ve Portf\u00f6y Y\u00f6netim \u015eirketi taraf\u0131ndan kurulan fonlar \u2018**\u00d6zel Fon**\u2019 olarak adland\u0131r\u0131l\u0131r. \u00d6zel fonun yat\u0131r\u0131m stratejisi ve yat\u0131r\u0131m yapaca\u011f\u0131 \u00fcr\u00fcn gruplar\u0131 fon izahnamesinde a\u00e7\u0131kca belirtilir. \u00d6zel Fon kimler i\u00e7in uygundur? \u00d6zel Fon belirli bir b\u00fcy\u00fckl\u00fckte varl\u0131\u011fa sahip [&hellip;]\" \/>\n<meta property=\"og:url\" content=\"https:\/\/azimutportfoy.com\/en\/ozel-fon-kurulumu-ve-yonetimi\/\" \/>\n<meta property=\"og:site_name\" content=\"Azimut Portf\u00f6y\" \/>\n<meta property=\"article:modified_time\" content=\"2026-02-08T21:07:59+00:00\" \/>\n<meta name=\"twitter:card\" content=\"summary_large_image\" \/>\n<meta name=\"twitter:label1\" content=\"Est. reading time\" \/>\n\t<meta name=\"twitter:data1\" content=\"3 minutes\" \/>\n<script type=\"application\/ld+json\" class=\"yoast-schema-graph\">{\"@context\":\"https:\\\/\\\/schema.org\",\"@graph\":[{\"@type\":\"WebPage\",\"@id\":\"https:\\\/\\\/azimutportfoy.com\\\/en\\\/ozel-fon-kurulumu-ve-yonetimi\\\/\",\"url\":\"https:\\\/\\\/azimutportfoy.com\\\/en\\\/ozel-fon-kurulumu-ve-yonetimi\\\/\",\"name\":\"\u00d6zel Fon Kurulumu ve Y\u00f6netimi - Azimut Portf\u00f6y\",\"isPartOf\":{\"@id\":\"https:\\\/\\\/azimutportfoy.com\\\/en\\\/#website\"},\"datePublished\":\"2022-11-15T23:11:01+00:00\",\"dateModified\":\"2026-02-08T21:07:59+00:00\",\"breadcrumb\":{\"@id\":\"https:\\\/\\\/azimutportfoy.com\\\/en\\\/ozel-fon-kurulumu-ve-yonetimi\\\/#breadcrumb\"},\"inLanguage\":\"en-US\",\"potentialAction\":[{\"@type\":\"ReadAction\",\"target\":[\"https:\\\/\\\/azimutportfoy.com\\\/en\\\/ozel-fon-kurulumu-ve-yonetimi\\\/\"]}]},{\"@type\":\"BreadcrumbList\",\"@id\":\"https:\\\/\\\/azimutportfoy.com\\\/en\\\/ozel-fon-kurulumu-ve-yonetimi\\\/#breadcrumb\",\"itemListElement\":[{\"@type\":\"ListItem\",\"position\":1,\"name\":\"Anasayfa\",\"item\":\"https:\\\/\\\/azimutportfoy.com\\\/\"},{\"@type\":\"ListItem\",\"position\":2,\"name\":\"\u00d6zel Fon Kurulumu ve Y\u00f6netimi\"}]},{\"@type\":\"WebSite\",\"@id\":\"https:\\\/\\\/azimutportfoy.com\\\/en\\\/#website\",\"url\":\"https:\\\/\\\/azimutportfoy.com\\\/en\\\/\",\"name\":\"Azimut Portf\u00f6y\",\"description\":\"Azimut Portf\u00f6y\",\"publisher\":{\"@id\":\"https:\\\/\\\/azimutportfoy.com\\\/en\\\/#organization\"},\"potentialAction\":[{\"@type\":\"SearchAction\",\"target\":{\"@type\":\"EntryPoint\",\"urlTemplate\":\"https:\\\/\\\/azimutportfoy.com\\\/en\\\/?s={search_term_string}\"},\"query-input\":{\"@type\":\"PropertyValueSpecification\",\"valueRequired\":true,\"valueName\":\"search_term_string\"}}],\"inLanguage\":\"en-US\"},{\"@type\":\"Organization\",\"@id\":\"https:\\\/\\\/azimutportfoy.com\\\/en\\\/#organization\",\"name\":\"Azimut Portf\u00f6y\",\"url\":\"https:\\\/\\\/azimutportfoy.com\\\/en\\\/\",\"logo\":{\"@type\":\"ImageObject\",\"inLanguage\":\"en-US\",\"@id\":\"https:\\\/\\\/azimutportfoy.com\\\/en\\\/#\\\/schema\\\/logo\\\/image\\\/\",\"url\":\"https:\\\/\\\/azimutportfoy.com\\\/wp-content\\\/uploads\\\/2022\\\/05\\\/azimut-logo.svg\",\"contentUrl\":\"https:\\\/\\\/azimutportfoy.com\\\/wp-content\\\/uploads\\\/2022\\\/05\\\/azimut-logo.svg\",\"width\":348,\"height\":100,\"caption\":\"Azimut Portf\u00f6y\"},\"image\":{\"@id\":\"https:\\\/\\\/azimutportfoy.com\\\/en\\\/#\\\/schema\\\/logo\\\/image\\\/\"}}]}<\/script>\n<!-- \/ Yoast SEO plugin. -->","yoast_head_json":{"title":"\u00d6zel Fon Kurulumu ve Y\u00f6netimi - Azimut Portf\u00f6y","robots":{"index":"index","follow":"follow","max-snippet":"max-snippet:-1","max-image-preview":"max-image-preview:large","max-video-preview":"max-video-preview:-1"},"canonical":"https:\/\/azimutportfoy.com\/en\/ozel-fon-kurulumu-ve-yonetimi\/","og_locale":"en_US","og_type":"article","og_title":"\u00d6zel Fon Kurulumu ve Y\u00f6netimi - Azimut Portf\u00f6y","og_description":"\u00d6zel Fon Kurulumu ve Y\u00f6netimi \u00d6zel Yat\u0131r\u0131m Fonu Nedir? Kat\u0131lma paylar\u0131 \u00f6nceden belirlenmi\u015f \u00f6zel ki\u015fi ve\/veya kurumlara tahsis edilen ve Portf\u00f6y Y\u00f6netim \u015eirketi taraf\u0131ndan kurulan fonlar \u2018**\u00d6zel Fon**\u2019 olarak adland\u0131r\u0131l\u0131r. \u00d6zel fonun yat\u0131r\u0131m stratejisi ve yat\u0131r\u0131m yapaca\u011f\u0131 \u00fcr\u00fcn gruplar\u0131 fon izahnamesinde a\u00e7\u0131kca belirtilir. \u00d6zel Fon kimler i\u00e7in uygundur? \u00d6zel Fon belirli bir b\u00fcy\u00fckl\u00fckte varl\u0131\u011fa sahip [&hellip;]","og_url":"https:\/\/azimutportfoy.com\/en\/ozel-fon-kurulumu-ve-yonetimi\/","og_site_name":"Azimut Portf\u00f6y","article_modified_time":"2026-02-08T21:07:59+00:00","twitter_card":"summary_large_image","twitter_misc":{"Est. reading time":"3 minutes"},"schema":{"@context":"https:\/\/schema.org","@graph":[{"@type":"WebPage","@id":"https:\/\/azimutportfoy.com\/en\/ozel-fon-kurulumu-ve-yonetimi\/","url":"https:\/\/azimutportfoy.com\/en\/ozel-fon-kurulumu-ve-yonetimi\/","name":"\u00d6zel Fon Kurulumu ve Y\u00f6netimi - Azimut Portf\u00f6y","isPartOf":{"@id":"https:\/\/azimutportfoy.com\/en\/#website"},"datePublished":"2022-11-15T23:11:01+00:00","dateModified":"2026-02-08T21:07:59+00:00","breadcrumb":{"@id":"https:\/\/azimutportfoy.com\/en\/ozel-fon-kurulumu-ve-yonetimi\/#breadcrumb"},"inLanguage":"en-US","potentialAction":[{"@type":"ReadAction","target":["https:\/\/azimutportfoy.com\/en\/ozel-fon-kurulumu-ve-yonetimi\/"]}]},{"@type":"BreadcrumbList","@id":"https:\/\/azimutportfoy.com\/en\/ozel-fon-kurulumu-ve-yonetimi\/#breadcrumb","itemListElement":[{"@type":"ListItem","position":1,"name":"Anasayfa","item":"https:\/\/azimutportfoy.com\/"},{"@type":"ListItem","position":2,"name":"\u00d6zel Fon Kurulumu ve Y\u00f6netimi"}]},{"@type":"WebSite","@id":"https:\/\/azimutportfoy.com\/en\/#website","url":"https:\/\/azimutportfoy.com\/en\/","name":"Azimut Portf\u00f6y","description":"Azimut Portf\u00f6y","publisher":{"@id":"https:\/\/azimutportfoy.com\/en\/#organization"},"potentialAction":[{"@type":"SearchAction","target":{"@type":"EntryPoint","urlTemplate":"https:\/\/azimutportfoy.com\/en\/?s={search_term_string}"},"query-input":{"@type":"PropertyValueSpecification","valueRequired":true,"valueName":"search_term_string"}}],"inLanguage":"en-US"},{"@type":"Organization","@id":"https:\/\/azimutportfoy.com\/en\/#organization","name":"Azimut Portf\u00f6y","url":"https:\/\/azimutportfoy.com\/en\/","logo":{"@type":"ImageObject","inLanguage":"en-US","@id":"https:\/\/azimutportfoy.com\/en\/#\/schema\/logo\/image\/","url":"https:\/\/azimutportfoy.com\/wp-content\/uploads\/2022\/05\/azimut-logo.svg","contentUrl":"https:\/\/azimutportfoy.com\/wp-content\/uploads\/2022\/05\/azimut-logo.svg","width":348,"height":100,"caption":"Azimut Portf\u00f6y"},"image":{"@id":"https:\/\/azimutportfoy.com\/en\/#\/schema\/logo\/image\/"}}]}},"_links":{"self":[{"href":"https:\/\/azimutportfoy.com\/en\/wp-json\/wp\/v2\/pages\/2749","targetHints":{"allow":["GET"]}}],"collection":[{"href":"https:\/\/azimutportfoy.com\/en\/wp-json\/wp\/v2\/pages"}],"about":[{"href":"https:\/\/azimutportfoy.com\/en\/wp-json\/wp\/v2\/types\/page"}],"author":[{"embeddable":true,"href":"https:\/\/azimutportfoy.com\/en\/wp-json\/wp\/v2\/users\/3"}],"replies":[{"embeddable":true,"href":"https:\/\/azimutportfoy.com\/en\/wp-json\/wp\/v2\/comments?post=2749"}],"version-history":[{"count":10,"href":"https:\/\/azimutportfoy.com\/en\/wp-json\/wp\/v2\/pages\/2749\/revisions"}],"predecessor-version":[{"id":10270,"href":"https:\/\/azimutportfoy.com\/en\/wp-json\/wp\/v2\/pages\/2749\/revisions\/10270"}],"wp:attachment":[{"href":"https:\/\/azimutportfoy.com\/en\/wp-json\/wp\/v2\/media?parent=2749"}],"curies":[{"name":"wp","href":"https:\/\/api.w.org\/{rel}","templated":true}]}}