{"id":3005,"date":"2022-11-24T21:47:09","date_gmt":"2022-11-24T21:47:09","guid":{"rendered":"https:\/\/azimutportfoy.com\/?page_id=3005"},"modified":"2026-02-08T21:04:29","modified_gmt":"2026-02-08T21:04:29","slug":"haberler","status":"publish","type":"page","link":"https:\/\/azimutportfoy.com\/en\/haberler\/","title":{"rendered":"News"},"content":{"rendered":"\t\t<div data-elementor-type=\"wp-page\" data-elementor-id=\"3005\" class=\"elementor elementor-3005\" data-elementor-post-type=\"page\">\n\t\t\t\t<div class=\"elementor-element elementor-element-3cf577a e-flex e-con-boxed e-con e-parent\" data-id=\"3cf577a\" data-element_type=\"container\" data-e-type=\"container\" data-settings=\"{&quot;background_background&quot;:&quot;classic&quot;}\">\n\t\t\t\t\t<div class=\"e-con-inner\">\n\t\t\t\t<div class=\"elementor-element elementor-element-06338dd elementor-align-left elementor-widget elementor-widget-breadcrumbs\" data-id=\"06338dd\" data-element_type=\"widget\" data-e-type=\"widget\" data-widget_type=\"breadcrumbs.default\">\n\t\t\t\t\t<p id=\"breadcrumbs\"><span><span><a href=\"https:\/\/azimutportfoy.com\/\">Anasayfa<\/a><\/span><\/span><\/p>\t\t\t\t<\/div>\n\t\t\t\t\t\t\t<h1 \n\t\tdata-interaction-id=\"4482acf\" \n\t\tclass=\"e-4482acf-f70f856 e-heading-base\" \n\t\t \n\t\tdata-e-type=\"widget\" data-id=\"4482acf\"\n\t>\n\t\n\t\t\tBas\u0131nda Yer Alan Haberler\n\t\t<\/h1>\n\t\t\t\t\t<\/div>\n\t\t\t\t<\/div>\n\t\t<div class=\"elementor-element elementor-element-0e2cab2 e-flex e-con-boxed e-con e-parent\" data-id=\"0e2cab2\" data-element_type=\"container\" data-e-type=\"container\" data-settings=\"{&quot;background_background&quot;:&quot;classic&quot;}\">\n\t\t\t\t\t<div class=\"e-con-inner\">\n\t\t\t\t<div class=\"elementor-element elementor-element-b2101e7 elementor-widget elementor-widget-heading\" data-id=\"b2101e7\" data-element_type=\"widget\" data-e-type=\"widget\" data-widget_type=\"heading.default\">\n\t\t\t\t\t<h2 class=\"elementor-heading-title elementor-size-default\">Haberler<\/h2>\t\t\t\t<\/div>\n\t\t\t\t<div class=\"elementor-element elementor-element-c1115f2 elementor-widget elementor-widget-html\" data-id=\"c1115f2\" data-element_type=\"widget\" data-e-type=\"widget\" data-widget_type=\"html.default\">\n\t\t\t\t\t<script>\ndocument.addEventListener(\"DOMContentLoaded\", function () {\n\n  document.querySelectorAll('.elementor-post:not(.has-post-thumbnail)').forEach(function(post) {\n\n    const card = post.querySelector('.elementor-post__card');\n    if (!card) return;\n\n    \/\/ Prevent duplicate insertion\n    if (card.querySelector('.elementor-post__thumbnail__link')) return;\n\n    \/\/ Get post URL from title link\n    const titleLink = post.querySelector('.elementor-post__title a');\n    if (!titleLink) return;\n\n    const href = titleLink.getAttribute('href');\n\n    \/\/ Create thumbnail link wrapper\n    const thumbLink = document.createElement('a');\n    thumbLink.className = 'elementor-post__thumbnail__link';\n    thumbLink.setAttribute('href', href);\n    thumbLink.setAttribute('tabindex', '-1');\n\n    \/\/ Create thumbnail container\n    const thumbDiv = document.createElement('div');\n    thumbDiv.className = 'elementor-post__thumbnail';\n\n    \/\/ Create empty img (you can replace src later via CSS or JS)\n    const img = document.createElement('img');\n    img.setAttribute('src', 'https:\/\/azimutportfoy.com\/wp-content\/uploads\/2025\/12\/placeholder.png');\n\n    thumbDiv.appendChild(img);\n    thumbLink.appendChild(thumbDiv);\n\n    \/\/ Insert as FIRST element inside the card\n    card.prepend(thumbLink);\n\n  });\n\n});\n<\/script>\n\t\t\t\t<\/div>\n\t\t\t\t<div class=\"elementor-element elementor-element-cf90240 elementor-widget elementor-widget-html\" data-id=\"cf90240\" data-element_type=\"widget\" data-e-type=\"widget\" data-widget_type=\"html.default\">\n\t\t\t\t\t<script>\ndocument.addEventListener(\"DOMContentLoaded\", function () {\n  document.querySelectorAll(\".elementor-post-date\").forEach(function (el) {\n\n    const text = el.textContent.trim();\n    const parts = text.split(\/\\s+\/);\n\n    if (parts.length === 3) {\n      const [day, month, year] = parts;\n      const shortMonth = month.substring(0, 3);\n\n      el.innerHTML = `\n        <span class=\"date-day\">${day}<\/span>\n        <span class=\"date-month\">\n          <span class=\"month-full\">${month}<\/span>\n          <span class=\"month-short\">${shortMonth}<\/span>\n        <\/span>\n        <span class=\"date-year\">${year}<\/span>\n      `;\n    }\n  });\n});\n<\/script>\n\n<script>\ndocument.addEventListener(\"DOMContentLoaded\", function () {\n  const prev = document.querySelector('.page-numbers.prev');\n  const next = document.querySelector('.page-numbers.next');\n\n  if (prev) {\n    prev.innerHTML = '<i class=\"fas fa-angle-left\"><\/i>';\n  }\n\n  if (next) {\n    next.innerHTML = '<i class=\"fas fa-angle-right\"><\/i>';\n  }\n});\n<\/script>\n\n\t\t\t\t<\/div>\n\t\t\t\t<div class=\"elementor-element elementor-element-e66da60 elementor-posts__hover-none elementor-grid-3 elementor-grid-tablet-2 elementor-grid-mobile-1 elementor-posts--thumbnail-top elementor-card-shadow-yes elementor-widget elementor-widget-posts\" data-id=\"e66da60\" data-element_type=\"widget\" data-e-type=\"widget\" data-settings=\"{&quot;pagination_type&quot;:&quot;numbers_and_prev_next&quot;,&quot;cards_row_gap&quot;:{&quot;unit&quot;:&quot;px&quot;,&quot;size&quot;:0,&quot;sizes&quot;:[]},&quot;cards_columns&quot;:&quot;3&quot;,&quot;cards_columns_tablet&quot;:&quot;2&quot;,&quot;cards_columns_mobile&quot;:&quot;1&quot;,&quot;cards_row_gap_tablet&quot;:{&quot;unit&quot;:&quot;px&quot;,&quot;size&quot;:&quot;&quot;,&quot;sizes&quot;:[]},&quot;cards_row_gap_mobile&quot;:{&quot;unit&quot;:&quot;px&quot;,&quot;size&quot;:&quot;&quot;,&quot;sizes&quot;:[]}}\" data-widget_type=\"posts.cards\">\n\t\t\t\t<div class=\"elementor-widget-container\">\n\t\t\t\t\t\t\t<div class=\"elementor-posts-container elementor-posts elementor-posts--skin-cards elementor-grid\" role=\"list\">\n\t\t\t\t<article class=\"elementor-post elementor-grid-item post-3122 post type-post status-publish format-standard hentry category-haberler\" role=\"listitem\">\n\t\t\t<div class=\"elementor-post__card\">\n\t\t\t\t<div class=\"elementor-post__text\">\n\t\t\t\t<h3 class=\"elementor-post__title\">\n\t\t\t<a href=\"https:\/\/azimutportfoy.com\/en\/haberler\/6-tspb-altin-boga-odul-toreni\/\" >\n\t\t\t\t6. TSPB Alt\u0131n Bo\u011fa \u00d6d\u00fcl T\u00f6reni\t\t\t<\/a>\n\t\t<\/h3>\n\t\t\t\t<div class=\"elementor-post__excerpt\">\n\t\t\t<p>Lorem Ipsum is simply dummy text of the printing and typesetting industry. Lorem Ipsum has been the industry&#8217;s standard dummy text ever since the 1500s<\/p>\n\t\t<\/div>\n\t\t\t\t<\/div>\n\t\t\t\t<div class=\"elementor-post__meta-data\">\n\t\t\t\t\t<span class=\"elementor-post-date\">\n\t\t\t8 December 2021\t\t<\/span>\n\t\t\t\t<\/div>\n\t\t\t\t\t<\/div>\n\t\t<\/article>\n\t\t\t\t<article class=\"elementor-post elementor-grid-item post-3126 post type-post status-publish format-standard hentry category-haberler\" role=\"listitem\">\n\t\t\t<div class=\"elementor-post__card\">\n\t\t\t\t<div class=\"elementor-post__text\">\n\t\t\t\t<h3 class=\"elementor-post__title\">\n\t\t\t<a href=\"https:\/\/azimutportfoy.com\/en\/haberler\/italyada-turkiye-ruzgari\/\" >\n\t\t\t\t\u0130talya&#8217;da T\u00fcrkiye R\u00fczgar\u0131\t\t\t<\/a>\n\t\t<\/h3>\n\t\t\t\t<div class=\"elementor-post__excerpt\">\n\t\t\t<p>test. Lorem Ipsum is simply dummy text of the printing and typesetting industry. Lorem Ipsum has been the industry\u2019s standard dummy text ever since the 1500s<\/p>\n\t\t<\/div>\n\t\t\t\t<\/div>\n\t\t\t\t<div class=\"elementor-post__meta-data\">\n\t\t\t\t\t<span class=\"elementor-post-date\">\n\t\t\t25 September 2019\t\t<\/span>\n\t\t\t\t<\/div>\n\t\t\t\t\t<\/div>\n\t\t<\/article>\n\t\t\t\t<article class=\"elementor-post elementor-grid-item post-3130 post type-post status-publish format-standard hentry category-haberler\" role=\"listitem\">\n\t\t\t<div class=\"elementor-post__card\">\n\t\t\t\t<div class=\"elementor-post__text\">\n\t\t\t\t<h3 class=\"elementor-post__title\">\n\t\t\t<a href=\"https:\/\/azimutportfoy.com\/en\/haberler\/fortune-murat-salar-azimutun-buyume-hikayesi\/\" >\n\t\t\t\tFortune &#8211; Murat Salar\u00a0|\u00a0Azimut&#8217;un B\u00fcy\u00fcme Hikayesi\t\t\t<\/a>\n\t\t<\/h3>\n\t\t\t\t<div class=\"elementor-post__excerpt\">\n\t\t\t<p>test 2. Lorem Ipsum is simply dummy text of the printing and typesetting industry. Lorem Ipsum has been the industry\u2019s standard dummy text ever since the 1500s<\/p>\n\t\t<\/div>\n\t\t\t\t<\/div>\n\t\t\t\t<div class=\"elementor-post__meta-data\">\n\t\t\t\t\t<span class=\"elementor-post-date\">\n\t\t\t2 September 2018\t\t<\/span>\n\t\t\t\t<\/div>\n\t\t\t\t\t<\/div>\n\t\t<\/article>\n\t\t\t\t<article class=\"elementor-post elementor-grid-item post-3896 post type-post status-publish format-standard hentry category-haberler\" role=\"listitem\">\n\t\t\t<div class=\"elementor-post__card\">\n\t\t\t\t<div class=\"elementor-post__text\">\n\t\t\t\t<h3 class=\"elementor-post__title\">\n\t\t\t<a href=\"https:\/\/azimutportfoy.com\/en\/haberler\/forbes-murat-salar\/\" >\n\t\t\t\tForbes- Murat Salar\t\t\t<\/a>\n\t\t<\/h3>\n\t\t\t\t<div class=\"elementor-post__excerpt\">\n\t\t\t<p>test 3. Lorem Ipsum is simply dummy text of the printing and typesetting industry. Lorem Ipsum has been the industry\u2019s standard dummy text ever since the 1500s<\/p>\n\t\t<\/div>\n\t\t\t\t<\/div>\n\t\t\t\t<div class=\"elementor-post__meta-data\">\n\t\t\t\t\t<span class=\"elementor-post-date\">\n\t\t\t1 September 2018\t\t<\/span>\n\t\t\t\t<\/div>\n\t\t\t\t\t<\/div>\n\t\t<\/article>\n\t\t\t\t<article class=\"elementor-post elementor-grid-item post-3900 post type-post status-publish format-standard hentry category-haberler\" role=\"listitem\">\n\t\t\t<div class=\"elementor-post__card\">\n\t\t\t\t<div class=\"elementor-post__text\">\n\t\t\t\t<h3 class=\"elementor-post__title\">\n\t\t\t<a href=\"https:\/\/azimutportfoy.com\/en\/haberler\/sabah-kuzey-afrika-ve-ortadogu-bolge-muduru-giorgio-medda\/\" >\n\t\t\t\tSabah\u00a0|\u00a0Kuzey Afrika ve Ortado\u011fu B\u00f6lge M\u00fcd\u00fcr\u00fc Giorgio Medda\t\t\t<\/a>\n\t\t<\/h3>\n\t\t\t\t<div class=\"elementor-post__excerpt\">\n\t\t\t<p>test 4. Lorem Ipsum is simply dummy text of the printing and typesetting industry. Lorem Ipsum has been the industry\u2019s standard dummy text ever since the 1500s<\/p>\n\t\t<\/div>\n\t\t\t\t<\/div>\n\t\t\t\t<div class=\"elementor-post__meta-data\">\n\t\t\t\t\t<span class=\"elementor-post-date\">\n\t\t\t20 August 2018\t\t<\/span>\n\t\t\t\t<\/div>\n\t\t\t\t\t<\/div>\n\t\t<\/article>\n\t\t\t\t<article class=\"elementor-post elementor-grid-item post-3903 post type-post status-publish format-standard hentry category-haberler\" role=\"listitem\">\n\t\t\t<div class=\"elementor-post__card\">\n\t\t\t\t<div class=\"elementor-post__text\">\n\t\t\t\t<h3 class=\"elementor-post__title\">\n\t\t\t<a href=\"https:\/\/azimutportfoy.com\/en\/haberler\/sabah-siyasette-yeni-donem-basladi-belirsizlik-bitti\/\" >\n\t\t\t\tSabah\u00a0|\u00a0Siyasette yeni d\u00f6nem ba\u015flad\u0131, belirsizlik bitti\t\t\t<\/a>\n\t\t<\/h3>\n\t\t\t\t<div class=\"elementor-post__excerpt\">\n\t\t\t<p>test 5. Lorem Ipsum is simply dummy text of the printing and typesetting industry. Lorem Ipsum has been the industry\u2019s standard dummy text ever since the 1500s<\/p>\n\t\t<\/div>\n\t\t\t\t<\/div>\n\t\t\t\t<div class=\"elementor-post__meta-data\">\n\t\t\t\t\t<span class=\"elementor-post-date\">\n\t\t\t4 June 2017\t\t<\/span>\n\t\t\t\t<\/div>\n\t\t\t\t\t<\/div>\n\t\t<\/article>\n\t\t\t\t<\/div>\n\t\t\n\t\t\t\t<div class=\"e-load-more-anchor\" data-page=\"1\" data-max-page=\"4\" data-next-page=\"https:\/\/azimutportfoy.com\/en\/wp-json\/wp\/v2\/pages\/3005\/page\/2\/\"><\/div>\n\t\t\t\t<nav class=\"elementor-pagination\" aria-label=\"Pagination\">\n\t\t\t<span class=\"page-numbers prev\">&laquo; Previous<\/span>\n<span aria-current=\"page\" class=\"page-numbers current\"><span class=\"elementor-screen-only\">Page<\/span>1<\/span>\n<a class=\"page-numbers\" href=\"https:\/\/azimutportfoy.com\/en\/wp-json\/wp\/v2\/pages\/3005\/page\/2\/\"><span class=\"elementor-screen-only\">Page<\/span>2<\/a>\n<a class=\"page-numbers\" href=\"https:\/\/azimutportfoy.com\/en\/wp-json\/wp\/v2\/pages\/3005\/page\/3\/\"><span class=\"elementor-screen-only\">Page<\/span>3<\/a>\n<a class=\"page-numbers\" href=\"https:\/\/azimutportfoy.com\/en\/wp-json\/wp\/v2\/pages\/3005\/page\/4\/\"><span class=\"elementor-screen-only\">Page<\/span>4<\/a>\n<a class=\"page-numbers next\" href=\"https:\/\/azimutportfoy.com\/en\/wp-json\/wp\/v2\/pages\/3005\/page\/2\/\">Next &raquo;<\/a>\t\t<\/nav>\n\t\t\t\t\t\t<\/div>\n\t\t\t\t<\/div>\n\t\t\t\t\t<\/div>\n\t\t\t\t<\/div>\n\t\t\t\t<\/div>\n\t\t","protected":false},"excerpt":{"rendered":"<p>Bas\u0131nda Yer Alan Haberler Haberler<\/p>","protected":false},"author":3,"featured_media":0,"parent":0,"menu_order":0,"comment_status":"closed","ping_status":"closed","template":"elementor_header_footer","meta":{"_acf_changed":false,"inline_featured_image":false,"footnotes":""},"class_list":["post-3005","page","type-page","status-publish","hentry"],"acf":[],"yoast_head":"<!-- This site is optimized with the Yoast SEO plugin v27.3 - https:\/\/yoast.com\/product\/yoast-seo-wordpress\/ -->\n<title>Haberler - Azimut Portf\u00f6y<\/title>\n<meta name=\"robots\" content=\"index, follow, max-snippet:-1, max-image-preview:large, max-video-preview:-1\" \/>\n<link rel=\"canonical\" href=\"https:\/\/azimutportfoy.com\/en\/haberler\/\" \/>\n<meta property=\"og:locale\" content=\"en_US\" \/>\n<meta property=\"og:type\" content=\"article\" \/>\n<meta property=\"og:title\" content=\"Haberler - Azimut Portf\u00f6y\" \/>\n<meta property=\"og:description\" content=\"Bas\u0131nda Yer Alan Haberler Haberler\" \/>\n<meta property=\"og:url\" content=\"https:\/\/azimutportfoy.com\/en\/haberler\/\" \/>\n<meta property=\"og:site_name\" content=\"Azimut Portf\u00f6y\" \/>\n<meta property=\"article:modified_time\" content=\"2026-02-08T21:04:29+00:00\" \/>\n<meta name=\"twitter:card\" content=\"summary_large_image\" \/>\n<meta name=\"twitter:label1\" content=\"Est. reading time\" \/>\n\t<meta name=\"twitter:data1\" content=\"2 minutes\" \/>\n<script type=\"application\/ld+json\" class=\"yoast-schema-graph\">{\"@context\":\"https:\\\/\\\/schema.org\",\"@graph\":[{\"@type\":\"WebPage\",\"@id\":\"https:\\\/\\\/azimutportfoy.com\\\/haberler\\\/\",\"url\":\"https:\\\/\\\/azimutportfoy.com\\\/haberler\\\/\",\"name\":\"Haberler - Azimut Portf\u00f6y\",\"isPartOf\":{\"@id\":\"https:\\\/\\\/azimutportfoy.com\\\/en\\\/#website\"},\"datePublished\":\"2022-11-24T21:47:09+00:00\",\"dateModified\":\"2026-02-08T21:04:29+00:00\",\"breadcrumb\":{\"@id\":\"https:\\\/\\\/azimutportfoy.com\\\/haberler\\\/#breadcrumb\"},\"inLanguage\":\"en-US\",\"potentialAction\":[{\"@type\":\"ReadAction\",\"target\":[\"https:\\\/\\\/azimutportfoy.com\\\/haberler\\\/\"]}]},{\"@type\":\"BreadcrumbList\",\"@id\":\"https:\\\/\\\/azimutportfoy.com\\\/haberler\\\/#breadcrumb\",\"itemListElement\":[{\"@type\":\"ListItem\",\"position\":1,\"name\":\"Anasayfa\",\"item\":\"https:\\\/\\\/azimutportfoy.com\\\/\"},{\"@type\":\"ListItem\",\"position\":2,\"name\":\"Haberler\"}]},{\"@type\":\"WebSite\",\"@id\":\"https:\\\/\\\/azimutportfoy.com\\\/en\\\/#website\",\"url\":\"https:\\\/\\\/azimutportfoy.com\\\/en\\\/\",\"name\":\"Azimut Portf\u00f6y\",\"description\":\"Azimut Portf\u00f6y\",\"publisher\":{\"@id\":\"https:\\\/\\\/azimutportfoy.com\\\/en\\\/#organization\"},\"potentialAction\":[{\"@type\":\"SearchAction\",\"target\":{\"@type\":\"EntryPoint\",\"urlTemplate\":\"https:\\\/\\\/azimutportfoy.com\\\/en\\\/?s={search_term_string}\"},\"query-input\":{\"@type\":\"PropertyValueSpecification\",\"valueRequired\":true,\"valueName\":\"search_term_string\"}}],\"inLanguage\":\"en-US\"},{\"@type\":\"Organization\",\"@id\":\"https:\\\/\\\/azimutportfoy.com\\\/en\\\/#organization\",\"name\":\"Azimut Portf\u00f6y\",\"url\":\"https:\\\/\\\/azimutportfoy.com\\\/en\\\/\",\"logo\":{\"@type\":\"ImageObject\",\"inLanguage\":\"en-US\",\"@id\":\"https:\\\/\\\/azimutportfoy.com\\\/en\\\/#\\\/schema\\\/logo\\\/image\\\/\",\"url\":\"https:\\\/\\\/azimutportfoy.com\\\/wp-content\\\/uploads\\\/2022\\\/05\\\/azimut-logo.svg\",\"contentUrl\":\"https:\\\/\\\/azimutportfoy.com\\\/wp-content\\\/uploads\\\/2022\\\/05\\\/azimut-logo.svg\",\"width\":348,\"height\":100,\"caption\":\"Azimut Portf\u00f6y\"},\"image\":{\"@id\":\"https:\\\/\\\/azimutportfoy.com\\\/en\\\/#\\\/schema\\\/logo\\\/image\\\/\"}}]}<\/script>\n<!-- \/ Yoast SEO plugin. -->","yoast_head_json":{"title":"Haberler - Azimut Portf\u00f6y","robots":{"index":"index","follow":"follow","max-snippet":"max-snippet:-1","max-image-preview":"max-image-preview:large","max-video-preview":"max-video-preview:-1"},"canonical":"https:\/\/azimutportfoy.com\/en\/haberler\/","og_locale":"en_US","og_type":"article","og_title":"Haberler - Azimut Portf\u00f6y","og_description":"Bas\u0131nda Yer Alan Haberler Haberler","og_url":"https:\/\/azimutportfoy.com\/en\/haberler\/","og_site_name":"Azimut Portf\u00f6y","article_modified_time":"2026-02-08T21:04:29+00:00","twitter_card":"summary_large_image","twitter_misc":{"Est. reading time":"2 minutes"},"schema":{"@context":"https:\/\/schema.org","@graph":[{"@type":"WebPage","@id":"https:\/\/azimutportfoy.com\/haberler\/","url":"https:\/\/azimutportfoy.com\/haberler\/","name":"Haberler - Azimut Portf\u00f6y","isPartOf":{"@id":"https:\/\/azimutportfoy.com\/en\/#website"},"datePublished":"2022-11-24T21:47:09+00:00","dateModified":"2026-02-08T21:04:29+00:00","breadcrumb":{"@id":"https:\/\/azimutportfoy.com\/haberler\/#breadcrumb"},"inLanguage":"en-US","potentialAction":[{"@type":"ReadAction","target":["https:\/\/azimutportfoy.com\/haberler\/"]}]},{"@type":"BreadcrumbList","@id":"https:\/\/azimutportfoy.com\/haberler\/#breadcrumb","itemListElement":[{"@type":"ListItem","position":1,"name":"Anasayfa","item":"https:\/\/azimutportfoy.com\/"},{"@type":"ListItem","position":2,"name":"Haberler"}]},{"@type":"WebSite","@id":"https:\/\/azimutportfoy.com\/en\/#website","url":"https:\/\/azimutportfoy.com\/en\/","name":"Azimut Portf\u00f6y","description":"Azimut Portf\u00f6y","publisher":{"@id":"https:\/\/azimutportfoy.com\/en\/#organization"},"potentialAction":[{"@type":"SearchAction","target":{"@type":"EntryPoint","urlTemplate":"https:\/\/azimutportfoy.com\/en\/?s={search_term_string}"},"query-input":{"@type":"PropertyValueSpecification","valueRequired":true,"valueName":"search_term_string"}}],"inLanguage":"en-US"},{"@type":"Organization","@id":"https:\/\/azimutportfoy.com\/en\/#organization","name":"Azimut Portf\u00f6y","url":"https:\/\/azimutportfoy.com\/en\/","logo":{"@type":"ImageObject","inLanguage":"en-US","@id":"https:\/\/azimutportfoy.com\/en\/#\/schema\/logo\/image\/","url":"https:\/\/azimutportfoy.com\/wp-content\/uploads\/2022\/05\/azimut-logo.svg","contentUrl":"https:\/\/azimutportfoy.com\/wp-content\/uploads\/2022\/05\/azimut-logo.svg","width":348,"height":100,"caption":"Azimut Portf\u00f6y"},"image":{"@id":"https:\/\/azimutportfoy.com\/en\/#\/schema\/logo\/image\/"}}]}},"_links":{"self":[{"href":"https:\/\/azimutportfoy.com\/en\/wp-json\/wp\/v2\/pages\/3005","targetHints":{"allow":["GET"]}}],"collection":[{"href":"https:\/\/azimutportfoy.com\/en\/wp-json\/wp\/v2\/pages"}],"about":[{"href":"https:\/\/azimutportfoy.com\/en\/wp-json\/wp\/v2\/types\/page"}],"author":[{"embeddable":true,"href":"https:\/\/azimutportfoy.com\/en\/wp-json\/wp\/v2\/users\/3"}],"replies":[{"embeddable":true,"href":"https:\/\/azimutportfoy.com\/en\/wp-json\/wp\/v2\/comments?post=3005"}],"version-history":[{"count":184,"href":"https:\/\/azimutportfoy.com\/en\/wp-json\/wp\/v2\/pages\/3005\/revisions"}],"predecessor-version":[{"id":12206,"href":"https:\/\/azimutportfoy.com\/en\/wp-json\/wp\/v2\/pages\/3005\/revisions\/12206"}],"wp:attachment":[{"href":"https:\/\/azimutportfoy.com\/en\/wp-json\/wp\/v2\/media?parent=3005"}],"curies":[{"name":"wp","href":"https:\/\/api.w.org\/{rel}","templated":true}]}}