{"id":3694,"date":"2022-12-13T23:49:08","date_gmt":"2022-12-13T23:49:08","guid":{"rendered":"https:\/\/azimutportfoy.com\/fon\/ahv\/"},"modified":"2026-04-07T08:21:19","modified_gmt":"2026-04-07T08:21:19","slug":"ahv","status":"publish","type":"page","link":"https:\/\/azimutportfoy.com\/en\/fon\/ahv\/","title":{"rendered":"AHV"},"content":{"rendered":"<div data-elementor-type=\"wp-page\" data-elementor-id=\"3694\" class=\"elementor elementor-3694 elementor-bc-flex-widget\" data-elementor-post-type=\"page\">\n\t\t\t\t\t\t<section class=\"elementor-section elementor-top-section elementor-element elementor-element-0770505 elementor-section-height-min-height elementor-section-boxed elementor-section-height-default elementor-section-items-middle\" data-id=\"0770505\" data-element_type=\"section\" data-e-type=\"section\" data-settings=\"{&quot;background_background&quot;:&quot;classic&quot;}\">\n\t\t\t\t\t\t<div class=\"elementor-container elementor-column-gap-default\">\n\t\t\t\t\t<div class=\"elementor-column elementor-col-100 elementor-top-column elementor-element elementor-element-b356659\" data-id=\"b356659\" data-element_type=\"column\" data-e-type=\"column\">\n\t\t\t<div class=\"elementor-widget-wrap\">\n\t\t\t\t\t\t\t<\/div>\n\t\t<\/div>\n\t\t\t\t\t<\/div>\n\t\t<\/section>\n\t\t\t\t<section class=\"elementor-section elementor-top-section elementor-element elementor-element-94c5180 elementor-section-boxed elementor-section-height-default elementor-section-height-default\" data-id=\"94c5180\" data-element_type=\"section\" data-e-type=\"section\">\n\t\t\t\t\t\t<div class=\"elementor-container elementor-column-gap-default\">\n\t\t\t\t\t<div class=\"elementor-column elementor-col-100 elementor-top-column elementor-element elementor-element-afcaebb\" data-id=\"afcaebb\" data-element_type=\"column\" data-e-type=\"column\">\n\t\t\t<div class=\"elementor-widget-wrap elementor-element-populated\">\n\t\t\t\t\t\t<section class=\"elementor-section elementor-inner-section elementor-element elementor-element-736cb09 elementor-section-height-min-height elementor-section-boxed elementor-section-height-default\" data-id=\"736cb09\" data-element_type=\"section\" data-e-type=\"section\" data-settings=\"{&quot;background_background&quot;:&quot;classic&quot;}\">\n\t\t\t\t\t\t<div class=\"elementor-container elementor-column-gap-default\">\n\t\t\t\t\t<div class=\"elementor-column elementor-col-100 elementor-inner-column elementor-element elementor-element-61c7405\" data-id=\"61c7405\" data-element_type=\"column\" data-e-type=\"column\">\n\t\t\t<div class=\"elementor-widget-wrap elementor-element-populated\">\n\t\t\t\t\t\t<div class=\"elementor-element elementor-element-7dfffb6 elementor-icon-list--layout-inline elementor-list-item-link-full_width elementor-widget elementor-widget-icon-list\" data-id=\"7dfffb6\" data-element_type=\"widget\" data-e-type=\"widget\" data-widget_type=\"icon-list.default\">\n\t\t\t\t\t\t\t<ul class=\"elementor-icon-list-items elementor-inline-items\">\n\t\t\t\t\t\t\t<li class=\"elementor-icon-list-item elementor-inline-item\">\n\t\t\t\t\t\t\t\t\t\t\t<span class=\"elementor-icon-list-icon\">\n\t\t\t\t\t\t\t<i aria-hidden=\"true\" class=\"material-icons md-chevron_left\"><\/i>\t\t\t\t\t\t<\/span>\n\t\t\t\t\t\t\t\t\t\t<span class=\"elementor-icon-list-text\">YATIRIM FONLARI<\/span>\n\t\t\t\t\t\t\t\t\t<\/li>\n\t\t\t\t\t\t<\/ul>\n\t\t\t\t\t\t<\/div>\n\t\t\t\t<div class=\"elementor-element elementor-element-3f1e999 elementor-widget elementor-widget-heading\" data-id=\"3f1e999\" data-element_type=\"widget\" data-e-type=\"widget\" data-widget_type=\"heading.default\">\n\t\t\t\t\t<h1 class=\"elementor-heading-title elementor-size-default\">AZ\u0130MUT PORTF\u00d6Y 13.0 SERBEST (D\u00d6V\u0130Z) FON<\/h1>\t\t\t\t<\/div>\n\t\t\t\t\t<\/div>\n\t\t<\/div>\n\t\t\t\t\t<\/div>\n\t\t<\/section>\n\t\t\t\t\t<\/div>\n\t\t<\/div>\n\t\t\t\t\t<\/div>\n\t\t<\/section>\n\t\t\t\t<\/div>","protected":false},"excerpt":{"rendered":"","protected":false},"author":3,"featured_media":0,"parent":507,"menu_order":0,"comment_status":"closed","ping_status":"closed","template":"","meta":{"_acf_changed":false,"inline_featured_image":false,"footnotes":""},"class_list":["post-3694","page","type-page","status-publish","hentry"],"acf":[],"yoast_head":"<!-- This site is optimized with the Yoast SEO plugin v27.4 - https:\/\/yoast.com\/product\/yoast-seo-wordpress\/ -->\n<title>AHV - Azimut Portf\u00f6y<\/title>\n<meta name=\"robots\" content=\"index, follow, max-snippet:-1, max-image-preview:large, max-video-preview:-1\" \/>\n<link rel=\"canonical\" href=\"https:\/\/azimutportfoy.com\/en\/fon\/ahv\/\" \/>\n<meta property=\"og:locale\" content=\"en_US\" \/>\n<meta property=\"og:type\" content=\"article\" \/>\n<meta property=\"og:title\" content=\"AHV - Azimut Portf\u00f6y\" \/>\n<meta property=\"og:url\" content=\"https:\/\/azimutportfoy.com\/en\/fon\/ahv\/\" \/>\n<meta property=\"og:site_name\" content=\"Azimut Portf\u00f6y\" \/>\n<meta property=\"article:modified_time\" content=\"2026-04-07T08:21:19+00:00\" \/>\n<meta name=\"twitter:card\" content=\"summary_large_image\" \/>\n<script type=\"application\/ld+json\" class=\"yoast-schema-graph\">{\"@context\":\"https:\\\/\\\/schema.org\",\"@graph\":[{\"@type\":\"WebPage\",\"@id\":\"https:\\\/\\\/azimutportfoy.com\\\/fon\\\/ahv\\\/\",\"url\":\"https:\\\/\\\/azimutportfoy.com\\\/fon\\\/ahv\\\/\",\"name\":\"AHV - Azimut Portf\u00f6y\",\"isPartOf\":{\"@id\":\"https:\\\/\\\/azimutportfoy.com\\\/en\\\/#website\"},\"datePublished\":\"2022-12-13T23:49:08+00:00\",\"dateModified\":\"2026-04-07T08:21:19+00:00\",\"breadcrumb\":{\"@id\":\"https:\\\/\\\/azimutportfoy.com\\\/fon\\\/ahv\\\/#breadcrumb\"},\"inLanguage\":\"en-US\",\"potentialAction\":[{\"@type\":\"ReadAction\",\"target\":[\"https:\\\/\\\/azimutportfoy.com\\\/fon\\\/ahv\\\/\"]}]},{\"@type\":\"BreadcrumbList\",\"@id\":\"https:\\\/\\\/azimutportfoy.com\\\/fon\\\/ahv\\\/#breadcrumb\",\"itemListElement\":[{\"@type\":\"ListItem\",\"position\":1,\"name\":\"Anasayfa\",\"item\":\"https:\\\/\\\/azimutportfoy.com\\\/\"},{\"@type\":\"ListItem\",\"position\":2,\"name\":\"Fon\",\"item\":\"https:\\\/\\\/azimutportfoy.com\\\/en\\\/fon\\\/\"},{\"@type\":\"ListItem\",\"position\":3,\"name\":\"AHV\"}]},{\"@type\":\"WebSite\",\"@id\":\"https:\\\/\\\/azimutportfoy.com\\\/en\\\/#website\",\"url\":\"https:\\\/\\\/azimutportfoy.com\\\/en\\\/\",\"name\":\"Azimut Portf\u00f6y\",\"description\":\"Azimut Portf\u00f6y\",\"publisher\":{\"@id\":\"https:\\\/\\\/azimutportfoy.com\\\/en\\\/#organization\"},\"potentialAction\":[{\"@type\":\"SearchAction\",\"target\":{\"@type\":\"EntryPoint\",\"urlTemplate\":\"https:\\\/\\\/azimutportfoy.com\\\/en\\\/?s={search_term_string}\"},\"query-input\":{\"@type\":\"PropertyValueSpecification\",\"valueRequired\":true,\"valueName\":\"search_term_string\"}}],\"inLanguage\":\"en-US\"},{\"@type\":\"Organization\",\"@id\":\"https:\\\/\\\/azimutportfoy.com\\\/en\\\/#organization\",\"name\":\"Azimut Portf\u00f6y\",\"url\":\"https:\\\/\\\/azimutportfoy.com\\\/en\\\/\",\"logo\":{\"@type\":\"ImageObject\",\"inLanguage\":\"en-US\",\"@id\":\"https:\\\/\\\/azimutportfoy.com\\\/en\\\/#\\\/schema\\\/logo\\\/image\\\/\",\"url\":\"https:\\\/\\\/azimutportfoy.com\\\/wp-content\\\/uploads\\\/2022\\\/05\\\/azimut-logo.svg\",\"contentUrl\":\"https:\\\/\\\/azimutportfoy.com\\\/wp-content\\\/uploads\\\/2022\\\/05\\\/azimut-logo.svg\",\"width\":348,\"height\":100,\"caption\":\"Azimut Portf\u00f6y\"},\"image\":{\"@id\":\"https:\\\/\\\/azimutportfoy.com\\\/en\\\/#\\\/schema\\\/logo\\\/image\\\/\"}}]}<\/script>\n<!-- \/ Yoast SEO plugin. -->","yoast_head_json":{"title":"AHV - Azimut Portf\u00f6y","robots":{"index":"index","follow":"follow","max-snippet":"max-snippet:-1","max-image-preview":"max-image-preview:large","max-video-preview":"max-video-preview:-1"},"canonical":"https:\/\/azimutportfoy.com\/en\/fon\/ahv\/","og_locale":"en_US","og_type":"article","og_title":"AHV - Azimut Portf\u00f6y","og_url":"https:\/\/azimutportfoy.com\/en\/fon\/ahv\/","og_site_name":"Azimut Portf\u00f6y","article_modified_time":"2026-04-07T08:21:19+00:00","twitter_card":"summary_large_image","schema":{"@context":"https:\/\/schema.org","@graph":[{"@type":"WebPage","@id":"https:\/\/azimutportfoy.com\/fon\/ahv\/","url":"https:\/\/azimutportfoy.com\/fon\/ahv\/","name":"AHV - Azimut Portf\u00f6y","isPartOf":{"@id":"https:\/\/azimutportfoy.com\/en\/#website"},"datePublished":"2022-12-13T23:49:08+00:00","dateModified":"2026-04-07T08:21:19+00:00","breadcrumb":{"@id":"https:\/\/azimutportfoy.com\/fon\/ahv\/#breadcrumb"},"inLanguage":"en-US","potentialAction":[{"@type":"ReadAction","target":["https:\/\/azimutportfoy.com\/fon\/ahv\/"]}]},{"@type":"BreadcrumbList","@id":"https:\/\/azimutportfoy.com\/fon\/ahv\/#breadcrumb","itemListElement":[{"@type":"ListItem","position":1,"name":"Anasayfa","item":"https:\/\/azimutportfoy.com\/"},{"@type":"ListItem","position":2,"name":"Fon","item":"https:\/\/azimutportfoy.com\/en\/fon\/"},{"@type":"ListItem","position":3,"name":"AHV"}]},{"@type":"WebSite","@id":"https:\/\/azimutportfoy.com\/en\/#website","url":"https:\/\/azimutportfoy.com\/en\/","name":"Azimut Portf\u00f6y","description":"Azimut Portf\u00f6y","publisher":{"@id":"https:\/\/azimutportfoy.com\/en\/#organization"},"potentialAction":[{"@type":"SearchAction","target":{"@type":"EntryPoint","urlTemplate":"https:\/\/azimutportfoy.com\/en\/?s={search_term_string}"},"query-input":{"@type":"PropertyValueSpecification","valueRequired":true,"valueName":"search_term_string"}}],"inLanguage":"en-US"},{"@type":"Organization","@id":"https:\/\/azimutportfoy.com\/en\/#organization","name":"Azimut Portf\u00f6y","url":"https:\/\/azimutportfoy.com\/en\/","logo":{"@type":"ImageObject","inLanguage":"en-US","@id":"https:\/\/azimutportfoy.com\/en\/#\/schema\/logo\/image\/","url":"https:\/\/azimutportfoy.com\/wp-content\/uploads\/2022\/05\/azimut-logo.svg","contentUrl":"https:\/\/azimutportfoy.com\/wp-content\/uploads\/2022\/05\/azimut-logo.svg","width":348,"height":100,"caption":"Azimut Portf\u00f6y"},"image":{"@id":"https:\/\/azimutportfoy.com\/en\/#\/schema\/logo\/image\/"}}]}},"_links":{"self":[{"href":"https:\/\/azimutportfoy.com\/en\/wp-json\/wp\/v2\/pages\/3694","targetHints":{"allow":["GET"]}}],"collection":[{"href":"https:\/\/azimutportfoy.com\/en\/wp-json\/wp\/v2\/pages"}],"about":[{"href":"https:\/\/azimutportfoy.com\/en\/wp-json\/wp\/v2\/types\/page"}],"author":[{"embeddable":true,"href":"https:\/\/azimutportfoy.com\/en\/wp-json\/wp\/v2\/users\/3"}],"replies":[{"embeddable":true,"href":"https:\/\/azimutportfoy.com\/en\/wp-json\/wp\/v2\/comments?post=3694"}],"version-history":[{"count":14,"href":"https:\/\/azimutportfoy.com\/en\/wp-json\/wp\/v2\/pages\/3694\/revisions"}],"predecessor-version":[{"id":12878,"href":"https:\/\/azimutportfoy.com\/en\/wp-json\/wp\/v2\/pages\/3694\/revisions\/12878"}],"up":[{"embeddable":true,"href":"https:\/\/azimutportfoy.com\/en\/wp-json\/wp\/v2\/pages\/507"}],"wp:attachment":[{"href":"https:\/\/azimutportfoy.com\/en\/wp-json\/wp\/v2\/media?parent=3694"}],"curies":[{"name":"wp","href":"https:\/\/api.w.org\/{rel}","templated":true}]}}