{"id":6053,"date":"2023-04-26T14:22:01","date_gmt":"2023-04-26T14:22:01","guid":{"rendered":"https:\/\/azimutportfoy.com\/?page_id=6053"},"modified":"2026-02-08T21:09:26","modified_gmt":"2026-02-08T21:09:26","slug":"bireysel-portfoy-yonetimi","status":"publish","type":"page","link":"https:\/\/azimutportfoy.com\/en\/bireysel-portfoy-yonetimi\/","title":{"rendered":"Individual Portfolio Management"},"content":{"rendered":"<div data-elementor-type=\"wp-page\" data-elementor-id=\"6053\" class=\"elementor elementor-6053\" data-elementor-post-type=\"page\">\n\t\t\t\t\t\t<section class=\"elementor-section elementor-top-section elementor-element elementor-element-3749c79 elementor-section-height-min-height elementor-section-boxed elementor-section-height-default elementor-section-items-middle\" data-id=\"3749c79\" data-element_type=\"section\" data-e-type=\"section\" data-settings=\"{&quot;background_background&quot;:&quot;classic&quot;}\">\n\t\t\t\t\t\t\t<div class=\"elementor-background-overlay\"><\/div>\n\t\t\t\t\t\t\t<div class=\"elementor-container elementor-column-gap-default\">\n\t\t\t\t\t<div class=\"elementor-column elementor-col-100 elementor-top-column elementor-element elementor-element-a86f09c\" data-id=\"a86f09c\" data-element_type=\"column\" data-e-type=\"column\">\n\t\t\t<div class=\"elementor-widget-wrap\">\n\t\t\t\t\t\t\t<\/div>\n\t\t<\/div>\n\t\t\t\t\t<\/div>\n\t\t<\/section>\n\t\t\t\t<section class=\"elementor-section elementor-top-section elementor-element elementor-element-5e89d17 elementor-section-boxed elementor-section-height-default elementor-section-height-default\" data-id=\"5e89d17\" data-element_type=\"section\" data-e-type=\"section\" data-settings=\"{&quot;background_background&quot;:&quot;classic&quot;}\">\n\t\t\t\t\t\t\t<div class=\"elementor-background-overlay\"><\/div>\n\t\t\t\t\t\t\t<div class=\"elementor-container elementor-column-gap-default\">\n\t\t\t\t\t<div class=\"elementor-column elementor-col-100 elementor-top-column elementor-element elementor-element-6f2e0a6\" data-id=\"6f2e0a6\" data-element_type=\"column\" data-e-type=\"column\">\n\t\t\t<div class=\"elementor-widget-wrap elementor-element-populated\">\n\t\t\t\t\t\t<section class=\"elementor-section elementor-inner-section elementor-element elementor-element-008a881 elementor-section-full_width elementor-section-height-default elementor-section-height-default\" data-id=\"008a881\" data-element_type=\"section\" data-e-type=\"section\">\n\t\t\t\t\t\t<div class=\"elementor-container elementor-column-gap-default\">\n\t\t\t\t\t<div class=\"elementor-column elementor-col-50 elementor-inner-column elementor-element elementor-element-e85eea0\" data-id=\"e85eea0\" data-element_type=\"column\" data-e-type=\"column\" data-settings=\"{&quot;background_background&quot;:&quot;classic&quot;}\">\n\t\t\t<div class=\"elementor-widget-wrap elementor-element-populated\">\n\t\t\t\t\t\t<div class=\"elementor-element elementor-element-42b20e5 elementor-widget elementor-widget-heading\" data-id=\"42b20e5\" data-element_type=\"widget\" data-e-type=\"widget\" data-widget_type=\"heading.default\">\n\t\t\t\t\t<h1 class=\"elementor-heading-title elementor-size-default\">Individual Portfolio Management<\/h1>\t\t\t\t<\/div>\n\t\t\t\t\t<\/div>\n\t\t<\/div>\n\t\t\t\t<div class=\"elementor-column elementor-col-50 elementor-inner-column elementor-element elementor-element-c792035\" data-id=\"c792035\" data-element_type=\"column\" data-e-type=\"column\">\n\t\t\t<div class=\"elementor-widget-wrap\">\n\t\t\t\t\t\t\t<\/div>\n\t\t<\/div>\n\t\t\t\t\t<\/div>\n\t\t<\/section>\n\t\t\t\t<section class=\"elementor-section elementor-inner-section elementor-element elementor-element-433eada elementor-section-boxed elementor-section-height-default elementor-section-height-default\" data-id=\"433eada\" data-element_type=\"section\" data-e-type=\"section\">\n\t\t\t\t\t\t<div class=\"elementor-container elementor-column-gap-wider\">\n\t\t\t\t\t<div class=\"elementor-column elementor-col-50 elementor-inner-column elementor-element elementor-element-31c917c\" data-id=\"31c917c\" data-element_type=\"column\" data-e-type=\"column\">\n\t\t\t<div class=\"elementor-widget-wrap elementor-element-populated\">\n\t\t\t\t\t\t<div class=\"elementor-element elementor-element-966e0cf elementor-widget elementor-widget-heading\" data-id=\"966e0cf\" data-element_type=\"widget\" data-e-type=\"widget\" data-widget_type=\"heading.default\">\n\t\t\t\t\t<h2 class=\"elementor-heading-title elementor-size-default\">\u201cWe manage your savings according to the goals and strategies that we have determined together\u201d<\/h2>\t\t\t\t<\/div>\n\t\t\t\t\t<\/div>\n\t\t<\/div>\n\t\t\t\t<div class=\"elementor-column elementor-col-50 elementor-inner-column elementor-element elementor-element-755fb60\" data-id=\"755fb60\" data-element_type=\"column\" data-e-type=\"column\">\n\t\t\t<div class=\"elementor-widget-wrap elementor-element-populated\">\n\t\t\t\t\t\t<div class=\"elementor-element elementor-element-cdbda74 elementor-widget__width-initial elementor-widget elementor-widget-text-editor\" data-id=\"cdbda74\" data-element_type=\"widget\" data-e-type=\"widget\" data-widget_type=\"text-editor.default\">\n\t\t\t\t\t\t\t\t\t<p>As Azimut Portfolio, we create investment strategies that are appropriate for market conditions and in line with the investor's goals, risk tolerance and restrictions, within the framework of the portfolio management contract signed with the client. We offer Individual Portfolio Management Service to investors who have a certain amount of savings and want to evaluate them in the medium-long term, but do not have time to follow the markets and interpret developments. Within the scope of this service, we work with the following banks and brokerage firms while managing your portfolio.<\/p><p>Determining investor risk preference is the most important step in the Individual Portfolio management process. A benchmark is created based on the determined risk preference. This criterion is the main criterion to be used in determining portfolio performance. The purpose of the Individual Portfolio Management service will be to provide the investor with a return performance above the benchmark return. Your savings will be managed by expert fund managers according to the developments in both domestic and international markets. Our portfolio managers will manage your savings in line with both top down macro strategic research and bottom up company basic\/technical research and in line with their own foresight.<\/p><p>Now you can focus on your own business and social life without having to follow the markets in real time, because your portfolio will be evaluated at regular intervals to analyze whether there is a change in investment strategy, risk preference or benchmark. Performance evaluations will be made according to the periods specified in your portfolio management contract.<\/p><p>Weekly, monthly and periodical reports containing all the details of Portfolio Management accounts will be shared with our investors. At the same time, you can get all information from your Portfolio Sales Manager responsible for your account in our Sales\/Marketing department.<\/p>\t\t\t\t\t\t\t\t<\/div>\n\t\t\t\t\t<\/div>\n\t\t<\/div>\n\t\t\t\t\t<\/div>\n\t\t<\/section>\n\t\t\t\t<section class=\"elementor-section elementor-inner-section elementor-element elementor-element-044e53e elementor-section-boxed elementor-section-height-default elementor-section-height-default\" data-id=\"044e53e\" data-element_type=\"section\" data-e-type=\"section\">\n\t\t\t\t\t\t<div class=\"elementor-container elementor-column-gap-wider\">\n\t\t\t\t\t<div class=\"elementor-column elementor-col-50 elementor-inner-column elementor-element elementor-element-75174d9\" data-id=\"75174d9\" data-element_type=\"column\" data-e-type=\"column\">\n\t\t\t<div class=\"elementor-widget-wrap elementor-element-populated\">\n\t\t\t\t\t\t<div class=\"elementor-element elementor-element-d86d535 elementor-widget elementor-widget-heading\" data-id=\"d86d535\" data-element_type=\"widget\" data-e-type=\"widget\" data-widget_type=\"heading.default\">\n\t\t\t\t\t<h4 class=\"elementor-heading-title elementor-size-default\">Intermediary Institutions and Banks Working within the Scope of Retail Portfolio Management Service<\/h4>\t\t\t\t<\/div>\n\t\t\t\t\t<\/div>\n\t\t<\/div>\n\t\t\t\t<div class=\"elementor-column elementor-col-50 elementor-inner-column elementor-element elementor-element-7faa1fa\" data-id=\"7faa1fa\" data-element_type=\"column\" data-e-type=\"column\">\n\t\t\t<div class=\"elementor-widget-wrap elementor-element-populated\">\n\t\t\t\t\t\t<div class=\"elementor-element elementor-element-2a04c73 elementor-widget elementor-widget-heading\" data-id=\"2a04c73\" data-element_type=\"widget\" data-e-type=\"widget\" data-widget_type=\"heading.default\">\n\t\t\t\t\t<h5 class=\"elementor-heading-title elementor-size-default\">Intermediary Institutions<\/h5>\t\t\t\t<\/div>\n\t\t\t\t<div class=\"elementor-element elementor-element-93013c6 elementor-widget__width-initial elementor-widget elementor-widget-text-editor\" data-id=\"93013c6\" data-element_type=\"widget\" data-e-type=\"widget\" data-widget_type=\"text-editor.default\">\n\t\t\t\t\t\t\t\t\t<p>QNB Finans Yat\u0131r\u0131m Menkul De\u011ferler A.\u015e., \u0130\u015f Yat\u0131r\u0131m Menkul De\u011ferler A.\u015e., AK Yat\u0131r\u0131m Menkul De\u011ferler A.\u015e., Yat\u0131r\u0131m Finansman Menkul De\u011ferler A.\u015e., Turkish Yat\u0131r\u0131m Menkul De\u011ferler A.\u015e., \u0130nfo Yat\u0131r\u0131m Menkul De\u011ferler A.\u015e.<\/p>\t\t\t\t\t\t\t\t<\/div>\n\t\t\t\t<div class=\"elementor-element elementor-element-50725b8 elementor-widget elementor-widget-heading\" data-id=\"50725b8\" data-element_type=\"widget\" data-e-type=\"widget\" data-widget_type=\"heading.default\">\n\t\t\t\t\t<h5 class=\"elementor-heading-title elementor-size-default\">Banks<\/h5>\t\t\t\t<\/div>\n\t\t\t\t<div class=\"elementor-element elementor-element-5a81c9e elementor-widget__width-initial elementor-widget elementor-widget-text-editor\" data-id=\"5a81c9e\" data-element_type=\"widget\" data-e-type=\"widget\" data-widget_type=\"text-editor.default\">\n\t\t\t\t\t\t\t\t\t<p>Odeabank A.\u015e., Akbank T.A.\u015e., T\u00fcrkiye Finans Kat\u0131l\u0131m Bankas\u0131 A.\u015e., Burgan Bank A.\u015e., T. \u0130\u015f Bankas\u0131 A.\u015e., T. Garanti Bankas\u0131 A.\u015e., T. Halk Bankas\u0131 A.\u015e., Fibabank A.\u015e., QNB Finansbank A.\u015e., Denizbank A.\u015e., Ziraat Bankas\u0131 A.\u015e., T\u00fcrkiye Vak\u0131flar Bankas\u0131 T.A.O., Yap\u0131 ve Kredi Bankas\u0131 A.\u015e., Alternatifbank A.\u015e.<\/p>\t\t\t\t\t\t\t\t<\/div>\n\t\t\t\t\t<\/div>\n\t\t<\/div>\n\t\t\t\t\t<\/div>\n\t\t<\/section>\n\t\t\t\t\t<\/div>\n\t\t<\/div>\n\t\t\t\t\t<\/div>\n\t\t<\/section>\n\t\t\t\t<\/div>","protected":false},"excerpt":{"rendered":"<p>Bireysel Portf\u00f6y Y\u00f6netimi \u201cBirikimlerinizi birlikte belirledi\u011fimiz hedef ve stratejiler do\u011frultusunda y\u00f6netiyoruz\u201d Azimut Portf\u00f6y olarak, m\u00fc\u015fteri ile imzalanan portf\u00f6y y\u00f6netim s\u00f6zle\u015fmesi \u00e7er\u00e7evesinde, yat\u0131r\u0131mc\u0131n\u0131n hedefi, risk tolerans\u0131 ve k\u0131s\u0131tlamalar\u0131 do\u011frultusunda, yerindelik testleri ve piyasa ko\u015fullar\u0131na uygun yat\u0131r\u0131m stratejileri olu\u015fturuyoruz. Belli bir miktar birikimi olan ve bunu orta-uzun vadede de\u011ferlendirmek isteyen, fakat piyasalar\u0131 takip etmeye ve geli\u015fmeleri yorumlamaya [&hellip;]<\/p>\n","protected":false},"author":3,"featured_media":0,"parent":0,"menu_order":0,"comment_status":"closed","ping_status":"closed","template":"elementor_header_footer","meta":{"_acf_changed":false,"inline_featured_image":false,"footnotes":""},"class_list":["post-6053","page","type-page","status-publish","hentry"],"acf":[],"yoast_head":"<!-- This site is optimized with the Yoast SEO plugin v27.3 - https:\/\/yoast.com\/product\/yoast-seo-wordpress\/ -->\n<title>Bireysel Portf\u00f6y Y\u00f6netimi - Azimut Portf\u00f6y<\/title>\n<meta name=\"robots\" content=\"index, follow, max-snippet:-1, max-image-preview:large, max-video-preview:-1\" \/>\n<link rel=\"canonical\" href=\"https:\/\/azimutportfoy.com\/en\/bireysel-portfoy-yonetimi\/\" \/>\n<meta property=\"og:locale\" content=\"en_US\" \/>\n<meta property=\"og:type\" content=\"article\" \/>\n<meta property=\"og:title\" content=\"Bireysel Portf\u00f6y Y\u00f6netimi - Azimut Portf\u00f6y\" \/>\n<meta property=\"og:description\" content=\"Bireysel Portf\u00f6y Y\u00f6netimi \u201cBirikimlerinizi birlikte belirledi\u011fimiz hedef ve stratejiler do\u011frultusunda y\u00f6netiyoruz\u201d Azimut Portf\u00f6y olarak, m\u00fc\u015fteri ile imzalanan portf\u00f6y y\u00f6netim s\u00f6zle\u015fmesi \u00e7er\u00e7evesinde, yat\u0131r\u0131mc\u0131n\u0131n hedefi, risk tolerans\u0131 ve k\u0131s\u0131tlamalar\u0131 do\u011frultusunda, yerindelik testleri ve piyasa ko\u015fullar\u0131na uygun yat\u0131r\u0131m stratejileri olu\u015fturuyoruz. Belli bir miktar birikimi olan ve bunu orta-uzun vadede de\u011ferlendirmek isteyen, fakat piyasalar\u0131 takip etmeye ve geli\u015fmeleri yorumlamaya [&hellip;]\" \/>\n<meta property=\"og:url\" content=\"https:\/\/azimutportfoy.com\/en\/bireysel-portfoy-yonetimi\/\" \/>\n<meta property=\"og:site_name\" content=\"Azimut Portf\u00f6y\" \/>\n<meta property=\"article:modified_time\" content=\"2026-02-08T21:09:26+00:00\" \/>\n<meta name=\"twitter:card\" content=\"summary_large_image\" \/>\n<meta name=\"twitter:label1\" content=\"Est. reading time\" \/>\n\t<meta name=\"twitter:data1\" content=\"2 minutes\" \/>\n<script type=\"application\/ld+json\" class=\"yoast-schema-graph\">{\"@context\":\"https:\\\/\\\/schema.org\",\"@graph\":[{\"@type\":\"WebPage\",\"@id\":\"https:\\\/\\\/azimutportfoy.com\\\/bireysel-portfoy-yonetimi\\\/\",\"url\":\"https:\\\/\\\/azimutportfoy.com\\\/bireysel-portfoy-yonetimi\\\/\",\"name\":\"Bireysel Portf\u00f6y Y\u00f6netimi - Azimut Portf\u00f6y\",\"isPartOf\":{\"@id\":\"https:\\\/\\\/azimutportfoy.com\\\/en\\\/#website\"},\"datePublished\":\"2023-04-26T14:22:01+00:00\",\"dateModified\":\"2026-02-08T21:09:26+00:00\",\"breadcrumb\":{\"@id\":\"https:\\\/\\\/azimutportfoy.com\\\/bireysel-portfoy-yonetimi\\\/#breadcrumb\"},\"inLanguage\":\"en-US\",\"potentialAction\":[{\"@type\":\"ReadAction\",\"target\":[\"https:\\\/\\\/azimutportfoy.com\\\/bireysel-portfoy-yonetimi\\\/\"]}]},{\"@type\":\"BreadcrumbList\",\"@id\":\"https:\\\/\\\/azimutportfoy.com\\\/bireysel-portfoy-yonetimi\\\/#breadcrumb\",\"itemListElement\":[{\"@type\":\"ListItem\",\"position\":1,\"name\":\"Anasayfa\",\"item\":\"https:\\\/\\\/azimutportfoy.com\\\/\"},{\"@type\":\"ListItem\",\"position\":2,\"name\":\"Bireysel Portf\u00f6y Y\u00f6netimi\"}]},{\"@type\":\"WebSite\",\"@id\":\"https:\\\/\\\/azimutportfoy.com\\\/en\\\/#website\",\"url\":\"https:\\\/\\\/azimutportfoy.com\\\/en\\\/\",\"name\":\"Azimut Portf\u00f6y\",\"description\":\"Azimut Portf\u00f6y\",\"publisher\":{\"@id\":\"https:\\\/\\\/azimutportfoy.com\\\/en\\\/#organization\"},\"potentialAction\":[{\"@type\":\"SearchAction\",\"target\":{\"@type\":\"EntryPoint\",\"urlTemplate\":\"https:\\\/\\\/azimutportfoy.com\\\/en\\\/?s={search_term_string}\"},\"query-input\":{\"@type\":\"PropertyValueSpecification\",\"valueRequired\":true,\"valueName\":\"search_term_string\"}}],\"inLanguage\":\"en-US\"},{\"@type\":\"Organization\",\"@id\":\"https:\\\/\\\/azimutportfoy.com\\\/en\\\/#organization\",\"name\":\"Azimut Portf\u00f6y\",\"url\":\"https:\\\/\\\/azimutportfoy.com\\\/en\\\/\",\"logo\":{\"@type\":\"ImageObject\",\"inLanguage\":\"en-US\",\"@id\":\"https:\\\/\\\/azimutportfoy.com\\\/en\\\/#\\\/schema\\\/logo\\\/image\\\/\",\"url\":\"https:\\\/\\\/azimutportfoy.com\\\/wp-content\\\/uploads\\\/2022\\\/05\\\/azimut-logo.svg\",\"contentUrl\":\"https:\\\/\\\/azimutportfoy.com\\\/wp-content\\\/uploads\\\/2022\\\/05\\\/azimut-logo.svg\",\"width\":348,\"height\":100,\"caption\":\"Azimut Portf\u00f6y\"},\"image\":{\"@id\":\"https:\\\/\\\/azimutportfoy.com\\\/en\\\/#\\\/schema\\\/logo\\\/image\\\/\"}}]}<\/script>\n<!-- \/ Yoast SEO plugin. -->","yoast_head_json":{"title":"Bireysel Portf\u00f6y Y\u00f6netimi - Azimut Portf\u00f6y","robots":{"index":"index","follow":"follow","max-snippet":"max-snippet:-1","max-image-preview":"max-image-preview:large","max-video-preview":"max-video-preview:-1"},"canonical":"https:\/\/azimutportfoy.com\/en\/bireysel-portfoy-yonetimi\/","og_locale":"en_US","og_type":"article","og_title":"Bireysel Portf\u00f6y Y\u00f6netimi - Azimut Portf\u00f6y","og_description":"Bireysel Portf\u00f6y Y\u00f6netimi \u201cBirikimlerinizi birlikte belirledi\u011fimiz hedef ve stratejiler do\u011frultusunda y\u00f6netiyoruz\u201d Azimut Portf\u00f6y olarak, m\u00fc\u015fteri ile imzalanan portf\u00f6y y\u00f6netim s\u00f6zle\u015fmesi \u00e7er\u00e7evesinde, yat\u0131r\u0131mc\u0131n\u0131n hedefi, risk tolerans\u0131 ve k\u0131s\u0131tlamalar\u0131 do\u011frultusunda, yerindelik testleri ve piyasa ko\u015fullar\u0131na uygun yat\u0131r\u0131m stratejileri olu\u015fturuyoruz. Belli bir miktar birikimi olan ve bunu orta-uzun vadede de\u011ferlendirmek isteyen, fakat piyasalar\u0131 takip etmeye ve geli\u015fmeleri yorumlamaya [&hellip;]","og_url":"https:\/\/azimutportfoy.com\/en\/bireysel-portfoy-yonetimi\/","og_site_name":"Azimut Portf\u00f6y","article_modified_time":"2026-02-08T21:09:26+00:00","twitter_card":"summary_large_image","twitter_misc":{"Est. reading time":"2 minutes"},"schema":{"@context":"https:\/\/schema.org","@graph":[{"@type":"WebPage","@id":"https:\/\/azimutportfoy.com\/bireysel-portfoy-yonetimi\/","url":"https:\/\/azimutportfoy.com\/bireysel-portfoy-yonetimi\/","name":"Bireysel Portf\u00f6y Y\u00f6netimi - Azimut Portf\u00f6y","isPartOf":{"@id":"https:\/\/azimutportfoy.com\/en\/#website"},"datePublished":"2023-04-26T14:22:01+00:00","dateModified":"2026-02-08T21:09:26+00:00","breadcrumb":{"@id":"https:\/\/azimutportfoy.com\/bireysel-portfoy-yonetimi\/#breadcrumb"},"inLanguage":"en-US","potentialAction":[{"@type":"ReadAction","target":["https:\/\/azimutportfoy.com\/bireysel-portfoy-yonetimi\/"]}]},{"@type":"BreadcrumbList","@id":"https:\/\/azimutportfoy.com\/bireysel-portfoy-yonetimi\/#breadcrumb","itemListElement":[{"@type":"ListItem","position":1,"name":"Anasayfa","item":"https:\/\/azimutportfoy.com\/"},{"@type":"ListItem","position":2,"name":"Bireysel Portf\u00f6y Y\u00f6netimi"}]},{"@type":"WebSite","@id":"https:\/\/azimutportfoy.com\/en\/#website","url":"https:\/\/azimutportfoy.com\/en\/","name":"Azimut Portf\u00f6y","description":"Azimut Portf\u00f6y","publisher":{"@id":"https:\/\/azimutportfoy.com\/en\/#organization"},"potentialAction":[{"@type":"SearchAction","target":{"@type":"EntryPoint","urlTemplate":"https:\/\/azimutportfoy.com\/en\/?s={search_term_string}"},"query-input":{"@type":"PropertyValueSpecification","valueRequired":true,"valueName":"search_term_string"}}],"inLanguage":"en-US"},{"@type":"Organization","@id":"https:\/\/azimutportfoy.com\/en\/#organization","name":"Azimut Portf\u00f6y","url":"https:\/\/azimutportfoy.com\/en\/","logo":{"@type":"ImageObject","inLanguage":"en-US","@id":"https:\/\/azimutportfoy.com\/en\/#\/schema\/logo\/image\/","url":"https:\/\/azimutportfoy.com\/wp-content\/uploads\/2022\/05\/azimut-logo.svg","contentUrl":"https:\/\/azimutportfoy.com\/wp-content\/uploads\/2022\/05\/azimut-logo.svg","width":348,"height":100,"caption":"Azimut Portf\u00f6y"},"image":{"@id":"https:\/\/azimutportfoy.com\/en\/#\/schema\/logo\/image\/"}}]}},"_links":{"self":[{"href":"https:\/\/azimutportfoy.com\/en\/wp-json\/wp\/v2\/pages\/6053","targetHints":{"allow":["GET"]}}],"collection":[{"href":"https:\/\/azimutportfoy.com\/en\/wp-json\/wp\/v2\/pages"}],"about":[{"href":"https:\/\/azimutportfoy.com\/en\/wp-json\/wp\/v2\/types\/page"}],"author":[{"embeddable":true,"href":"https:\/\/azimutportfoy.com\/en\/wp-json\/wp\/v2\/users\/3"}],"replies":[{"embeddable":true,"href":"https:\/\/azimutportfoy.com\/en\/wp-json\/wp\/v2\/comments?post=6053"}],"version-history":[{"count":10,"href":"https:\/\/azimutportfoy.com\/en\/wp-json\/wp\/v2\/pages\/6053\/revisions"}],"predecessor-version":[{"id":10267,"href":"https:\/\/azimutportfoy.com\/en\/wp-json\/wp\/v2\/pages\/6053\/revisions\/10267"}],"wp:attachment":[{"href":"https:\/\/azimutportfoy.com\/en\/wp-json\/wp\/v2\/media?parent=6053"}],"curies":[{"name":"wp","href":"https:\/\/api.w.org\/{rel}","templated":true}]}}